{"id":26,"date":"2026-04-03T03:04:31","date_gmt":"2026-04-03T03:04:31","guid":{"rendered":"http:\/\/albanianhfc.org\/services\/"},"modified":"2026-04-24T12:50:15","modified_gmt":"2026-04-24T12:50:15","slug":"mission","status":"publish","type":"page","link":"https:\/\/albanianhfc.org\/sq\/mission\/","title":{"rendered":"Synimi Yn\u00eb"},"content":{"rendered":"<style>.kb-row-layout-id26_b0b019-aa > .kt-row-column-wrap{align-content:center;}:where(.kb-row-layout-id26_b0b019-aa > .kt-row-column-wrap) > .wp-block-kadence-column{justify-content:center;}.kb-row-layout-id26_b0b019-aa > .kt-row-column-wrap{column-gap:var(--global-kb-gap-lg, 4rem);row-gap:var(--global-kb-gap-none, 0rem );max-width:var( --global-content-width, 1290px );padding-left:var(--global-content-edge-padding);padding-right:var(--global-content-edge-padding);padding-bottom:var(--global-kb-spacing-xxs, 0.5rem);grid-template-columns:minmax(0, calc(55% - ((var(--global-kb-gap-lg, 4rem) * 1 )\/2)))minmax(0, calc(45% - ((var(--global-kb-gap-lg, 4rem) * 1 )\/2)));}.kb-row-layout-id26_b0b019-aa > .kt-row-layout-overlay{opacity:1;}@media all and (max-width: 1024px){.kb-row-layout-id26_b0b019-aa > .kt-row-column-wrap{column-gap:var(--global-kb-gap-md, 2rem);padding-top:var(--global-kb-spacing-3xl, 6.5rem);padding-bottom:var(--global-kb-spacing-3xl, 6.5rem);grid-template-columns:repeat(2, minmax(0, 1fr));}}@media all and (max-width: 767px){.kb-row-layout-id26_b0b019-aa > .kt-row-column-wrap{padding-top:var(--global-kb-spacing-3xl, 6.5rem);padding-bottom:var(--global-kb-spacing-xl, 4rem);grid-template-columns:minmax(0, 1fr);}}<\/style><div class=\"kb-row-layout-wrap kb-row-layout-id26_b0b019-aa alignfull kt-row-has-bg wp-block-kadence-rowlayout\"><div class=\"kt-row-column-wrap kt-has-2-columns kt-row-layout-equal kt-tab-layout-inherit kt-mobile-layout-row kt-row-valign-middle kb-theme-content-width\">\n<style>.kadence-column26_b694eb-ea > .kt-inside-inner-col,.kadence-column26_b694eb-ea > .kt-inside-inner-col:before{border-top-left-radius:0px;border-top-right-radius:0px;border-bottom-right-radius:0px;border-bottom-left-radius:0px;}.kadence-column26_b694eb-ea > .kt-inside-inner-col{column-gap:var(--global-kb-gap-sm, 1rem);}.kadence-column26_b694eb-ea > .kt-inside-inner-col{flex-direction:column;}.kadence-column26_b694eb-ea > .kt-inside-inner-col > .aligncenter{width:100%;}.kadence-column26_b694eb-ea > .kt-inside-inner-col:before{opacity:0.3;}.kadence-column26_b694eb-ea{position:relative;}@media all and (max-width: 1024px){.kadence-column26_b694eb-ea > .kt-inside-inner-col{padding-right:0px;flex-direction:column;justify-content:center;}}@media all and (max-width: 1024px){.kadence-column26_b694eb-ea{text-align:center;}}@media all and (max-width: 767px){.kadence-column26_b694eb-ea > .kt-inside-inner-col{flex-direction:column;justify-content:center;}.kadence-column26_b694eb-ea, .kt-inside-inner-col > .kadence-column26_b694eb-ea:not(.specificity){margin-bottom:var(--global-kb-spacing-md, 2rem);}}<\/style>\n<div class=\"inner-column-1 wp-block-kadence-column kadence-column26_b694eb-ea kb-section-dir-vertical\"><div class=\"kt-inside-inner-col\"><style>.wp-block-kadence-advancedheading.kt-adv-heading26_e93ddb-d7, .wp-block-kadence-advancedheading.kt-adv-heading26_e93ddb-d7[data-kb-block=\"kb-adv-heading26_e93ddb-d7\"]{margin-top:0px;margin-bottom:var(--global-kb-spacing-lg, 3rem);font-size:var(--global-kb-font-size-xxl, 4rem);line-height:1.2;font-style:normal;}.wp-block-kadence-advancedheading.kt-adv-heading26_e93ddb-d7 mark.kt-highlight, .wp-block-kadence-advancedheading.kt-adv-heading26_e93ddb-d7[data-kb-block=\"kb-adv-heading26_e93ddb-d7\"] mark.kt-highlight{font-style:normal;color:#f76a0c;-webkit-box-decoration-break:clone;box-decoration-break:clone;padding-top:0px;padding-right:0px;padding-bottom:0px;padding-left:0px;}.wp-block-kadence-advancedheading.kt-adv-heading26_e93ddb-d7 img.kb-inline-image, .wp-block-kadence-advancedheading.kt-adv-heading26_e93ddb-d7[data-kb-block=\"kb-adv-heading26_e93ddb-d7\"] img.kb-inline-image{width:150px;vertical-align:baseline;}@media all and (max-width: 1024px){.wp-block-kadence-advancedheading.kt-adv-heading26_e93ddb-d7, .wp-block-kadence-advancedheading.kt-adv-heading26_e93ddb-d7[data-kb-block=\"kb-adv-heading26_e93ddb-d7\"]{font-size:var(--global-kb-font-size-lg, 2rem);text-align:left!important;}}<\/style>\n<h1 class=\"kt-adv-heading26_e93ddb-d7 wp-block-kadence-advancedheading\" data-kb-block=\"kb-adv-heading26_e93ddb-d7\">Preserving culture<br><\/h1>\n\n\n<style>.wp-block-kadence-advancedheading.kt-adv-heading26_cc3918-2f, .wp-block-kadence-advancedheading.kt-adv-heading26_cc3918-2f[data-kb-block=\"kb-adv-heading26_cc3918-2f\"]{font-style:normal;}.wp-block-kadence-advancedheading.kt-adv-heading26_cc3918-2f mark.kt-highlight, .wp-block-kadence-advancedheading.kt-adv-heading26_cc3918-2f[data-kb-block=\"kb-adv-heading26_cc3918-2f\"] mark.kt-highlight{font-style:normal;color:#f76a0c;-webkit-box-decoration-break:clone;box-decoration-break:clone;padding-top:0px;padding-right:0px;padding-bottom:0px;padding-left:0px;}.wp-block-kadence-advancedheading.kt-adv-heading26_cc3918-2f img.kb-inline-image, .wp-block-kadence-advancedheading.kt-adv-heading26_cc3918-2f[data-kb-block=\"kb-adv-heading26_cc3918-2f\"] img.kb-inline-image{width:150px;vertical-align:baseline;}@media all and (max-width: 1024px){.wp-block-kadence-advancedheading.kt-adv-heading26_cc3918-2f, .wp-block-kadence-advancedheading.kt-adv-heading26_cc3918-2f[data-kb-block=\"kb-adv-heading26_cc3918-2f\"]{text-align:left!important;}}<\/style>\n<p class=\"kt-adv-heading26_cc3918-2f wp-block-kadence-advancedheading has-theme-palette-4-color has-text-color\" data-kb-block=\"kb-adv-heading26_cc3918-2f\">Our mission at Albanian Heritage Foundation of Ohio is to empower and unite the Albanian community of Columbus, Ohio, and the surrounding areas, by fostering a vibrant and inclusive environment that celebrates and preserves our rich cultural heritage. Guided by the belief that education is the cornerstone of cultural preservation, we are dedicated to providing comprehensive support in the realms of education, language skills, cultural awareness, and traditions.<\/p>\n\n\n\n<p class=\"\">We commit ourselves to creating a nurturing educational environment, including the establishment of a school that imparts knowledge about Albanian history, language, and traditions. Our focus is on nurturing a sense of identity and pride among the youth.<br><br>Our vision extends beyond the immediate horizon, aspiring to contribute significantly to the strength and resilience of the Albanian-American community in Columbus. By promoting unity, education, and cultural exchange, we envision a future where our community thrives and makes positive contributions to the broader society.<\/p>\n\n\n\n<p class=\"\">Together, we embrace the privilege of living in Columbus, a city that has opened its doors for us to share our culture, values, and traditions with the world. Through collaboration, education, and cultural celebration, we are committed to building a cohesive and thriving Albanian community, enriching the fabric of our beloved city.<\/p>\n<\/div><\/div>\n\n\n<style>.kadence-column26_bce75f-82 > .kt-inside-inner-col,.kadence-column26_bce75f-82 > .kt-inside-inner-col:before{border-top-left-radius:0px;border-top-right-radius:0px;border-bottom-right-radius:0px;border-bottom-left-radius:0px;}.kadence-column26_bce75f-82 > .kt-inside-inner-col{column-gap:var(--global-kb-gap-sm, 1rem);}.kadence-column26_bce75f-82 > .kt-inside-inner-col{flex-direction:column;}.kadence-column26_bce75f-82 > .kt-inside-inner-col > .aligncenter{width:100%;}.kadence-column26_bce75f-82 > .kt-inside-inner-col:before{opacity:0.3;}.kadence-column26_bce75f-82{position:relative;}@media all and (max-width: 1024px){.kadence-column26_bce75f-82 > .kt-inside-inner-col{flex-direction:column;justify-content:center;}}@media all and (max-width: 767px){.kadence-column26_bce75f-82 > .kt-inside-inner-col{flex-direction:column;justify-content:center;}}<\/style>\n<div class=\"inner-column-2 wp-block-kadence-column kadence-column26_bce75f-82\"><div class=\"kt-inside-inner-col\"><style>.kb-image26_2bbb40-be .kb-image-has-overlay:after{opacity:0.3;border-top-left-radius:15px;border-top-right-radius:15px;border-bottom-right-radius:15px;border-bottom-left-radius:15px;}.kb-image26_2bbb40-be img.kb-img, .kb-image26_2bbb40-be .kb-img img{border-top-left-radius:15px;border-top-right-radius:15px;border-bottom-right-radius:15px;border-bottom-left-radius:15px;}@media all and (max-width: 767px){.wp-block-kadence-image.kb-image26_2bbb40-be:not(.kb-specificity-added):not(.kb-extra-specificity-added){margin-right:0px;margin-left:0px;}}<\/style>\n<figure class=\"wp-block-kadence-image kb-image26_2bbb40-be size-large kb-image-is-ratio-size\"><div class=\"kb-is-ratio-image kb-image-ratio-square\"><img data-recalc-dims=\"1\" decoding=\"async\" width=\"1024\" height=\"683\" loading=\"lazy\" src=\"https:\/\/i0.wp.com\/albanianhfc.org\/wp-content\/uploads\/2026\/04\/stage-1-1024x683.jpg?resize=1024%2C683\" alt=\"\" class=\"kb-img wp-image-3211\" srcset=\"https:\/\/i0.wp.com\/albanianhfc.org\/wp-content\/uploads\/2026\/04\/stage-1.jpg?resize=1024%2C683&amp;ssl=1 1024w, https:\/\/i0.wp.com\/albanianhfc.org\/wp-content\/uploads\/2026\/04\/stage-1.jpg?resize=300%2C200&amp;ssl=1 300w, https:\/\/i0.wp.com\/albanianhfc.org\/wp-content\/uploads\/2026\/04\/stage-1.jpg?resize=768%2C512&amp;ssl=1 768w, https:\/\/i0.wp.com\/albanianhfc.org\/wp-content\/uploads\/2026\/04\/stage-1.jpg?resize=1536%2C1025&amp;ssl=1 1536w, https:\/\/i0.wp.com\/albanianhfc.org\/wp-content\/uploads\/2026\/04\/stage-1.jpg?resize=18%2C12&amp;ssl=1 18w, https:\/\/i0.wp.com\/albanianhfc.org\/wp-content\/uploads\/2026\/04\/stage-1.jpg?w=2048&amp;ssl=1 2048w\" sizes=\"auto, (max-width: 1024px) 100vw, 1024px\" \/><\/div><\/figure>\n<\/div><\/div>\n\n<\/div><\/div>","protected":false},"excerpt":{"rendered":"<p>Preserving culture Our mission at Albanian Heritage Foundation of Ohio is to empower and unite the Albanian community of Columbus, Ohio, and the surrounding areas, by fostering a vibrant and inclusive environment that celebrates and preserves our rich cultural heritage. Guided by the belief that education is the cornerstone of cultural preservation, we are dedicated&#8230;<\/p>","protected":false},"author":1,"featured_media":0,"parent":0,"menu_order":0,"comment_status":"closed","ping_status":"closed","template":"","meta":{"nf_dc_page":"services","_kadence_starter_templates_imported_post":false,"_kad_post_transparent":"","_kad_post_title":"hide","_kad_post_layout":"normal","_kad_post_sidebar_id":"","_kad_post_content_style":"","_kad_post_vertical_padding":"","_kad_post_feature":"","_kad_post_feature_position":"","_kad_post_header":false,"_kad_post_footer":false,"_kad_post_classname":"","footnotes":""},"class_list":["post-26","page","type-page","status-publish","hentry"],"yoast_head":"<!-- This site is optimized with the Yoast SEO plugin v27.4 - https:\/\/yoast.com\/product\/yoast-seo-wordpress\/ -->\n<title>Our Mission - Albanian Heritage Foundation<\/title>\n<meta name=\"robots\" content=\"index, follow, max-snippet:-1, max-image-preview:large, max-video-preview:-1\" \/>\n<link rel=\"canonical\" href=\"https:\/\/albanianhfc.org\/sq\/mission\/\" \/>\n<meta property=\"og:locale\" content=\"sq_AL\" \/>\n<meta property=\"og:type\" content=\"article\" \/>\n<meta property=\"og:title\" content=\"Our Mission - Albanian Heritage Foundation\" \/>\n<meta property=\"og:description\" content=\"Preserving culture Our mission at Albanian Heritage Foundation of Ohio is to empower and unite the Albanian community of Columbus, Ohio, and the surrounding areas, by fostering a vibrant and inclusive environment that celebrates and preserves our rich cultural heritage. Guided by the belief that education is the cornerstone of cultural preservation, we are dedicated...\" \/>\n<meta property=\"og:url\" content=\"https:\/\/albanianhfc.org\/sq\/mission\/\" \/>\n<meta property=\"og:site_name\" content=\"Albanian Heritage Foundation\" \/>\n<meta property=\"article:modified_time\" content=\"2026-04-24T12:50:15+00:00\" \/>\n<meta property=\"og:image\" content=\"http:\/\/albanianhfc.org\/wp-content\/uploads\/2026\/04\/stage-1-1024x683.jpg\" \/>\n<meta name=\"twitter:card\" content=\"summary_large_image\" \/>\n<meta name=\"twitter:label1\" content=\"Est. reading time\" \/>\n\t<meta name=\"twitter:data1\" content=\"2 minuta\" \/>\n<script type=\"application\/ld+json\" class=\"yoast-schema-graph\">{\"@context\":\"https:\\\/\\\/schema.org\",\"@graph\":[{\"@type\":\"WebPage\",\"@id\":\"https:\\\/\\\/albanianhfc.org\\\/mission\\\/\",\"url\":\"https:\\\/\\\/albanianhfc.org\\\/mission\\\/\",\"name\":\"Our Mission - Albanian Heritage Foundation\",\"isPartOf\":{\"@id\":\"https:\\\/\\\/albanianhfc.org\\\/#website\"},\"primaryImageOfPage\":{\"@id\":\"https:\\\/\\\/albanianhfc.org\\\/mission\\\/#primaryimage\"},\"image\":{\"@id\":\"https:\\\/\\\/albanianhfc.org\\\/mission\\\/#primaryimage\"},\"thumbnailUrl\":\"http:\\\/\\\/albanianhfc.org\\\/wp-content\\\/uploads\\\/2026\\\/04\\\/stage-1-1024x683.jpg\",\"datePublished\":\"2026-04-03T03:04:31+00:00\",\"dateModified\":\"2026-04-24T12:50:15+00:00\",\"breadcrumb\":{\"@id\":\"https:\\\/\\\/albanianhfc.org\\\/mission\\\/#breadcrumb\"},\"inLanguage\":\"sq\",\"potentialAction\":[{\"@type\":\"ReadAction\",\"target\":[\"https:\\\/\\\/albanianhfc.org\\\/mission\\\/\"]}]},{\"@type\":\"ImageObject\",\"inLanguage\":\"sq\",\"@id\":\"https:\\\/\\\/albanianhfc.org\\\/mission\\\/#primaryimage\",\"url\":\"http:\\\/\\\/albanianhfc.org\\\/wp-content\\\/uploads\\\/2026\\\/04\\\/stage-1-1024x683.jpg\",\"contentUrl\":\"http:\\\/\\\/albanianhfc.org\\\/wp-content\\\/uploads\\\/2026\\\/04\\\/stage-1-1024x683.jpg\"},{\"@type\":\"BreadcrumbList\",\"@id\":\"https:\\\/\\\/albanianhfc.org\\\/mission\\\/#breadcrumb\",\"itemListElement\":[{\"@type\":\"ListItem\",\"position\":1,\"name\":\"Home\",\"item\":\"https:\\\/\\\/albanianhfc.org\\\/\"},{\"@type\":\"ListItem\",\"position\":2,\"name\":\"Our Mission\"}]},{\"@type\":\"WebSite\",\"@id\":\"https:\\\/\\\/albanianhfc.org\\\/#website\",\"url\":\"https:\\\/\\\/albanianhfc.org\\\/\",\"name\":\"Albanian Heritage Foundation\",\"description\":\"Empowering the Albanian community in Columbus, Ohio, through cultural preservation, education, and celebration of our rich heritage.\",\"potentialAction\":[{\"@type\":\"SearchAction\",\"target\":{\"@type\":\"EntryPoint\",\"urlTemplate\":\"https:\\\/\\\/albanianhfc.org\\\/?s={search_term_string}\"},\"query-input\":{\"@type\":\"PropertyValueSpecification\",\"valueRequired\":true,\"valueName\":\"search_term_string\"}}],\"inLanguage\":\"sq\"}]}<\/script>\n<!-- \/ Yoast SEO plugin. -->","yoast_head_json":{"title":"Our Mission - Albanian Heritage Foundation","robots":{"index":"index","follow":"follow","max-snippet":"max-snippet:-1","max-image-preview":"max-image-preview:large","max-video-preview":"max-video-preview:-1"},"canonical":"https:\/\/albanianhfc.org\/sq\/mission\/","og_locale":"sq_AL","og_type":"article","og_title":"Our Mission - Albanian Heritage Foundation","og_description":"Preserving culture Our mission at Albanian Heritage Foundation of Ohio is to empower and unite the Albanian community of Columbus, Ohio, and the surrounding areas, by fostering a vibrant and inclusive environment that celebrates and preserves our rich cultural heritage. Guided by the belief that education is the cornerstone of cultural preservation, we are dedicated...","og_url":"https:\/\/albanianhfc.org\/sq\/mission\/","og_site_name":"Albanian Heritage Foundation","article_modified_time":"2026-04-24T12:50:15+00:00","og_image":[{"url":"http:\/\/albanianhfc.org\/wp-content\/uploads\/2026\/04\/stage-1-1024x683.jpg","type":"","width":"","height":""}],"twitter_card":"summary_large_image","twitter_misc":{"Est. reading time":"2 minuta"},"schema":{"@context":"https:\/\/schema.org","@graph":[{"@type":"WebPage","@id":"https:\/\/albanianhfc.org\/mission\/","url":"https:\/\/albanianhfc.org\/mission\/","name":"Our Mission - Albanian Heritage Foundation","isPartOf":{"@id":"https:\/\/albanianhfc.org\/#website"},"primaryImageOfPage":{"@id":"https:\/\/albanianhfc.org\/mission\/#primaryimage"},"image":{"@id":"https:\/\/albanianhfc.org\/mission\/#primaryimage"},"thumbnailUrl":"http:\/\/albanianhfc.org\/wp-content\/uploads\/2026\/04\/stage-1-1024x683.jpg","datePublished":"2026-04-03T03:04:31+00:00","dateModified":"2026-04-24T12:50:15+00:00","breadcrumb":{"@id":"https:\/\/albanianhfc.org\/mission\/#breadcrumb"},"inLanguage":"sq","potentialAction":[{"@type":"ReadAction","target":["https:\/\/albanianhfc.org\/mission\/"]}]},{"@type":"ImageObject","inLanguage":"sq","@id":"https:\/\/albanianhfc.org\/mission\/#primaryimage","url":"http:\/\/albanianhfc.org\/wp-content\/uploads\/2026\/04\/stage-1-1024x683.jpg","contentUrl":"http:\/\/albanianhfc.org\/wp-content\/uploads\/2026\/04\/stage-1-1024x683.jpg"},{"@type":"BreadcrumbList","@id":"https:\/\/albanianhfc.org\/mission\/#breadcrumb","itemListElement":[{"@type":"ListItem","position":1,"name":"Home","item":"https:\/\/albanianhfc.org\/"},{"@type":"ListItem","position":2,"name":"Our Mission"}]},{"@type":"WebSite","@id":"https:\/\/albanianhfc.org\/#website","url":"https:\/\/albanianhfc.org\/","name":"Shoqata e Trash\u00ebg\u00ebmis\u00eb Shqiptare","description":"Empowering the Albanian community in Columbus, Ohio, through cultural preservation, education, and celebration of our rich heritage.","potentialAction":[{"@type":"SearchAction","target":{"@type":"EntryPoint","urlTemplate":"https:\/\/albanianhfc.org\/?s={search_term_string}"},"query-input":{"@type":"PropertyValueSpecification","valueRequired":true,"valueName":"search_term_string"}}],"inLanguage":"sq"}]}},"jetpack_sharing_enabled":true,"_links":{"self":[{"href":"https:\/\/albanianhfc.org\/sq\/wp-json\/wp\/v2\/pages\/26","targetHints":{"allow":["GET"]}}],"collection":[{"href":"https:\/\/albanianhfc.org\/sq\/wp-json\/wp\/v2\/pages"}],"about":[{"href":"https:\/\/albanianhfc.org\/sq\/wp-json\/wp\/v2\/types\/page"}],"author":[{"embeddable":true,"href":"https:\/\/albanianhfc.org\/sq\/wp-json\/wp\/v2\/users\/1"}],"replies":[{"embeddable":true,"href":"https:\/\/albanianhfc.org\/sq\/wp-json\/wp\/v2\/comments?post=26"}],"version-history":[{"count":13,"href":"https:\/\/albanianhfc.org\/sq\/wp-json\/wp\/v2\/pages\/26\/revisions"}],"predecessor-version":[{"id":3378,"href":"https:\/\/albanianhfc.org\/sq\/wp-json\/wp\/v2\/pages\/26\/revisions\/3378"}],"wp:attachment":[{"href":"https:\/\/albanianhfc.org\/sq\/wp-json\/wp\/v2\/media?parent=26"}],"curies":[{"name":"wp","href":"https:\/\/api.w.org\/{rel}","templated":true}]}}